{"id":958,"date":"2024-12-26T09:08:37","date_gmt":"2024-12-26T14:08:37","guid":{"rendered":"https:\/\/pneumasolutions.com\/?page_id=958"},"modified":"2024-12-26T09:13:08","modified_gmt":"2024-12-26T14:13:08","slug":"free-for-all-feedback","status":"publish","type":"page","link":"https:\/\/pneumasolutions.com\/sv\/produkter\/rim\/free-for-all-feedback\/","title":{"rendered":"Free-for-all Feedback"},"content":{"rendered":"\n<h1 class=\"wp-block-heading\" id=\"rimFestFormIntro\" tabindex=\"-1\">Tell us about your experience!<\/h1>\n\n\n\n<script>\ndocument.addEventListener(\"DOMContentLoaded\", function() {\n    var beginning=document.getElementById(\"rimFestFormIntro\");\n    beginning.focus();\n});\n<\/script>\n\n\n\n<p>Thank you for using Remote Incident Manager during this free-for-all! We invite you to tell us about your experience, and truly value your feedback. Please answer the following questions to let us know about your experience.<\/p>\n\n\n<div class=\"frm_forms  with_frm_style frm_style_formidable-style\" id=\"frm_form_6_container\" data-token=\"76802a4c28e85847cb963cb426e6f2e4\">\n<form enctype=\"multipart\/form-data\" method=\"post\" class=\"frm-show-form  frm_pro_form \" id=\"form_rim-short-survey\" data-token=\"76802a4c28e85847cb963cb426e6f2e4\">\n<div class=\"frm_form_fields \">\n<fieldset>\n<legend class=\"frm_screen_reader\">Post-session Feedback<\/legend>\r\n\r\n<div class=\"frm_fields_container\">\n<input type=\"hidden\" name=\"frm_action\" value=\"create\" \/>\n<input type=\"hidden\" name=\"form_id\" value=\"6\" \/>\n<input type=\"hidden\" name=\"frm_hide_fields_6\" id=\"frm_hide_fields_6\" value=\"\" \/>\n<input type=\"hidden\" name=\"form_key\" value=\"rim-short-survey\" \/>\n<input type=\"hidden\" name=\"item_meta[0]\" value=\"\" \/>\n<input type=\"hidden\" id=\"frm_submit_entry_6\" name=\"frm_submit_entry_6\" value=\"23fa28f3eb\" \/><input type=\"hidden\" name=\"_wp_http_referer\" value=\"\/sv\/wp-json\/wp\/v2\/pages\/958\" \/><div id=\"frm_field_49_container\" class=\"frm_form_field form-field  frm_required_field frm_top_container\">\r\n\t<label for=\"field_n2lah\" id=\"field_n2lah_label\" class=\"frm_primary_label\">How did you hear about the Remote Incident Manager free-for-all?\r\n\t\t<span class=\"frm_required\" aria-hidden=\"true\">*<\/span>\r\n\t<\/label>\r\n\t<input  type=\"text\" id=\"field_n2lah\" name=\"item_meta[49]\" value=\"\"  data-reqmsg=\"How did you hear about the Remote Incident Manager free-for-all? cannot be blank.\" aria-required=\"true\" data-invmsg=\"How did you hear about the Remote Incident Manager free-for-all? is invalid\" aria-invalid=\"false\"   \/>\r\n\t\r\n\t\r\n<\/div>\n<div id=\"frm_field_50_container\" class=\"frm_form_field form-field  frm_required_field frm_top_container vertical_radio\">\r\n\t<div  id=\"field_5t0gi_label\" class=\"frm_primary_label\">Are you coming to Remote Incident Manager from another support tool?\r\n\t\t<span class=\"frm_required\" aria-hidden=\"true\">*<\/span>\r\n\t<\/div>\r\n\t<div class=\"frm_opt_container\" aria-labelledby=\"field_5t0gi_label\" role=\"radiogroup\" aria-required=\"true\">\t\t<div class=\"frm_radio\" id=\"frm_radio_50-0\">\t\t\t<label  for=\"field_5t0gi-0\">\n\t\t\t\t\t<input type=\"radio\" name=\"item_meta[50]\" id=\"field_5t0gi-0\" value=\"Yes\"\n\t\t data-reqmsg=\"Are you coming to Remote Incident Manager from another support tool? cannot be blank.\" data-invmsg=\"Are you coming to Remote Incident Manager from another support tool? \u00e4r ogiltigt\"   \/> Yes<\/label><\/div>\n\t\t<div class=\"frm_radio\" id=\"frm_radio_50-1\">\t\t\t<label  for=\"field_5t0gi-1\">\n\t\t\t\t\t<input type=\"radio\" name=\"item_meta[50]\" id=\"field_5t0gi-1\" value=\"No\"\n\t\t data-reqmsg=\"Are you coming to Remote Incident Manager from another support tool? cannot be blank.\" data-invmsg=\"Are you coming to Remote Incident Manager from another support tool? \u00e4r ogiltigt\"   \/> No<\/label><\/div>\n<\/div>\r\n\t\r\n\t\r\n<\/div>\n<div id=\"frm_field_51_container\" class=\"frm_form_field form-field  frm_required_field frm_top_container\">\r\n\t<label for=\"field_t62j4\" id=\"field_t62j4_label\" class=\"frm_primary_label\">Describe the tools or methods used by you and\/or your organization before evaluating RIM.\r\n\t\t<span class=\"frm_required\" aria-hidden=\"true\">*<\/span>\r\n\t<\/label>\r\n\t<input  type=\"text\" id=\"field_t62j4\" name=\"item_meta[51]\" value=\"\"  data-reqmsg=\"Describe the tools or methods used by you and\/or your organization before evaluating RIM. cannot be blank.\" aria-required=\"true\" data-invmsg=\"Describe the tools or methods used by you and\/or your organization before evaluating RIM. is invalid\" aria-invalid=\"false\"   \/>\r\n\t\r\n\t\r\n<\/div>\n<div id=\"frm_field_52_container\" class=\"frm_form_field form-field  frm_required_field frm_top_container\">\r\n\t<label for=\"field_50rrp\" id=\"field_50rrp_label\" class=\"frm_primary_label\">Overall feedback on RIM\u2019s usability and effectiveness during this session:\r\n\t\t<span class=\"frm_required\" aria-hidden=\"true\">*<\/span>\r\n\t<\/label>\r\n\t<input  type=\"text\" id=\"field_50rrp\" name=\"item_meta[52]\" value=\"\"  data-reqmsg=\"Overall feedback on RIM\u2019s usability and effectiveness during this session: cannot be blank.\" aria-required=\"true\" data-invmsg=\"Overall feedback on RIM\u2019s usability and effectiveness during this session: is invalid\" aria-invalid=\"false\"   \/>\r\n\t\r\n\t\r\n<\/div>\n<div id=\"frm_field_53_container\" class=\"frm_form_field form-field  frm_top_container\">\r\n\t<label for=\"field_bbhl4\" id=\"field_bbhl4_label\" class=\"frm_primary_label\">Any Additional Comments:\r\n\t\t<span class=\"frm_required\" aria-hidden=\"true\"><\/span>\r\n\t<\/label>\r\n\t<input  type=\"text\" id=\"field_bbhl4\" name=\"item_meta[53]\" value=\"\"  data-invmsg=\"Any Additional Comments: is invalid\" aria-invalid=\"false\"   \/>\r\n\t\r\n\t\r\n<\/div>\n<div id=\"frm_field_54_container\" class=\"frm_form_field form-field  frm_required_field frm_top_container\">\r\n\t<label for=\"field_juqtj\" id=\"field_juqtj_label\" class=\"frm_primary_label\">Email\r\n\t\t<span class=\"frm_required\" aria-hidden=\"true\">*<\/span>\r\n\t<\/label>\r\n\t<input type=\"email\" id=\"field_juqtj\" name=\"item_meta[54]\" value=\"\"  autocomplete=\"email\"  data-reqmsg=\"Email cannot be blank.\" aria-required=\"true\" data-invmsg=\"Email is invalid\" aria-invalid=\"false\"  \/>\r\n\t\r\n\t\r\n<\/div>\n<div id=\"frm_field_55_container\" class=\"frm_form_field form-field  frm_required_field frm_top_container\">\r\n\t<div  id=\"field_qkcko_label\" class=\"frm_primary_label\">Name\r\n\t\t<span class=\"frm_required\" aria-hidden=\"true\">*<\/span>\r\n\t<\/div>\r\n\t<fieldset aria-labelledby=\"field_qkcko_label\">\n\t<legend class=\"frm_screen_reader frm_hidden\">\n\t\tName\t<\/legend>\n\n\t<div  class=\"frm_combo_inputs_container\" id=\"frm_combo_inputs_container_55\" data-name-layout=\"first_last\">\n\t\t\t\t\t<div\n\t\t\t\tid=\"frm_field_55-first_container\"\n\t\t\t\tclass=\"frm_form_field form-field frm_form_subfield-first  frm6\"\n\t\t\t\tdata-sub-field-name=\"first\"\n\t\t\t>\n\t\t\t\t<label for=\"field_qkcko_first\" class=\"frm_screen_reader frm_hidden\">\n\t\t\t\t\tFirst\t\t\t\t<\/label>\n\n\t\t\t\t<input  type=\"text\" id=\"field_qkcko_first\" value=\"\" name=\"item_meta[55][first]\" autocomplete=\"given-name\" data-reqmsg=\"Name cannot be blank.\" aria-required=\"true\" data-invmsg=\"Name \u00e4r ogiltigt\" aria-invalid=\"false\"  \/><div class=\"frm_description\" id=\"frm_field_55_first_desc\">First<\/div>\t\t\t<\/div>\n\t\t\t\t\t\t<div\n\t\t\t\tid=\"frm_field_55-last_container\"\n\t\t\t\tclass=\"frm_form_field form-field frm_form_subfield-last  frm6\"\n\t\t\t\tdata-sub-field-name=\"last\"\n\t\t\t>\n\t\t\t\t<label for=\"field_qkcko_last\" class=\"frm_screen_reader frm_hidden\">\n\t\t\t\t\tLast\t\t\t\t<\/label>\n\n\t\t\t\t<input  type=\"text\" id=\"field_qkcko_last\" value=\"\" name=\"item_meta[55][last]\" autocomplete=\"family-name\" data-reqmsg=\"Name cannot be blank.\" aria-required=\"true\" data-invmsg=\"Name \u00e4r ogiltigt\" aria-invalid=\"false\"  \/><div class=\"frm_description\" id=\"frm_field_55_last_desc\">Last<\/div>\t\t\t<\/div>\n\t\t\t\t<\/div>\n<\/fieldset>\n\r\n\t\r\n\t\r\n<\/div>\n<div id=\"frm_field_56_container\" class=\"frm_form_field form-field \">\r\n\t<div class=\"frm_submit frm_flex\">\r\n<button class=\"frm_button_submit frm_final_submit\" type=\"submit\"   formnovalidate=\"formnovalidate\">Submit<\/button>\r\n\r\n\r\n\r\n<\/div>\r\n<\/div>\n\t<input type=\"hidden\" name=\"item_key\" value=\"\" \/>\n\t\t\t<div id=\"frm_field_62_container\">\n\t\t\t<label for=\"field_qyjlw\" >\n\t\t\t\tOm du \u00e4r m\u00e4nsklig, l\u00e4mna det h\u00e4r f\u00e4ltet tomt.\t\t\t<\/label>\n\t\t\t<input  id=\"field_qyjlw\" type=\"text\" class=\"frm_form_field form-field frm_verify\" name=\"item_meta[62]\" value=\"\"  \/>\n\t\t<\/div>\n\t\t<input name=\"frm_state\" type=\"hidden\" value=\"CJ+1GVXAXUWM7kTXsiqlbDJxiwM10WbaivzbGEWNdnh6hvR+sRcDACUjP2xIlMBb\" \/><\/div>\n<\/fieldset>\n<\/div>\n\n<p style=\"display: none !important;\" class=\"akismet-fields-container\" data-prefix=\"ak_\"><label>&#916;<textarea name=\"ak_hp_textarea\" cols=\"45\" rows=\"8\" maxlength=\"100\"><\/textarea><\/label><input type=\"hidden\" id=\"ak_js_1\" name=\"ak_js\" value=\"124\"\/><script>document.getElementById( \"ak_js_1\" ).setAttribute( \"value\", ( new Date() ).getTime() );<\/script><\/p><\/form>\n<\/div>\n","protected":false},"excerpt":{"rendered":"<p>Tell us about your experience! Thank you for using Remote Incident Manager during this free-for-all! We invite you to tell us about your experience, and truly value your feedback. Please answer the following questions to let us know about your experience.<\/p>","protected":false},"author":6,"featured_media":0,"parent":782,"menu_order":0,"comment_status":"closed","ping_status":"closed","template":"","meta":{"_kad_blocks_custom_css":"","_kad_blocks_head_custom_js":"","_kad_blocks_body_custom_js":"","_kad_blocks_footer_custom_js":"","_kadence_starter_templates_imported_post":false,"_kad_post_transparent":"","_kad_post_title":"","_kad_post_layout":"","_kad_post_sidebar_id":"","_kad_post_content_style":"","_kad_post_vertical_padding":"","_kad_post_feature":"","_kad_post_feature_position":"","_kad_post_header":false,"_kad_post_footer":false,"footnotes":""},"class_list":["post-958","page","type-page","status-publish","hentry"],"taxonomy_info":[],"featured_image_src_large":false,"author_info":{"display_name":"jack.falejczyk","author_link":"https:\/\/pneumasolutions.com\/sv\/author\/jack-falejczyk\/"},"comment_info":0,"_links":{"self":[{"href":"https:\/\/pneumasolutions.com\/sv\/wp-json\/wp\/v2\/pages\/958","targetHints":{"allow":["GET"]}}],"collection":[{"href":"https:\/\/pneumasolutions.com\/sv\/wp-json\/wp\/v2\/pages"}],"about":[{"href":"https:\/\/pneumasolutions.com\/sv\/wp-json\/wp\/v2\/types\/page"}],"author":[{"embeddable":true,"href":"https:\/\/pneumasolutions.com\/sv\/wp-json\/wp\/v2\/users\/6"}],"replies":[{"embeddable":true,"href":"https:\/\/pneumasolutions.com\/sv\/wp-json\/wp\/v2\/comments?post=958"}],"version-history":[{"count":3,"href":"https:\/\/pneumasolutions.com\/sv\/wp-json\/wp\/v2\/pages\/958\/revisions"}],"predecessor-version":[{"id":962,"href":"https:\/\/pneumasolutions.com\/sv\/wp-json\/wp\/v2\/pages\/958\/revisions\/962"}],"up":[{"embeddable":true,"href":"https:\/\/pneumasolutions.com\/sv\/wp-json\/wp\/v2\/pages\/782"}],"wp:attachment":[{"href":"https:\/\/pneumasolutions.com\/sv\/wp-json\/wp\/v2\/media?parent=958"}],"curies":[{"name":"wp","href":"https:\/\/api.w.org\/{rel}","templated":true}]}}