{"id":758,"date":"2024-12-01T02:37:11","date_gmt":"2024-12-01T02:37:11","guid":{"rendered":"https:\/\/pneumasolutions.com\/?page_id=758"},"modified":"2025-05-21T10:18:54","modified_gmt":"2025-05-21T14:18:54","slug":"produits","status":"publish","type":"page","link":"https:\/\/pneumasolutions.com\/fr\/produits\/","title":{"rendered":"Produits"},"content":{"rendered":"<style>.kb-row-layout-id758_0a65ba-f4 > .kt-row-column-wrap{align-content:start;}:where(.kb-row-layout-id758_0a65ba-f4 > .kt-row-column-wrap) > .wp-block-kadence-column{justify-content:start;}.kb-row-layout-id758_0a65ba-f4 > .kt-row-column-wrap{column-gap:var(--global-kb-gap-md, 2rem);row-gap:var(--global-kb-gap-md, 2rem);max-width:var( --global-content-width, 1290px );padding-left:var(--global-content-edge-padding);padding-right:var(--global-content-edge-padding);padding-top:var(--global-kb-spacing-4xl, 8rem);padding-bottom:var(--global-kb-spacing-4xl, 8rem);grid-template-columns:minmax(0, 1fr);}.kb-row-layout-id758_0a65ba-f4 > .kt-row-layout-overlay{opacity:0.30;background-image:url('https:\/\/pneumasolutions.com\/wp-content\/uploads\/2024\/10\/Pneuma-Solutions-Homepage-Hero.webp');background-size:cover;background-position:center center;background-attachment:scroll;background-repeat:no-repeat;}@media all and (max-width: 1024px){.kb-row-layout-id758_0a65ba-f4 > .kt-row-column-wrap{grid-template-columns:minmax(0, 1fr);}}@media all and (max-width: 767px){.kb-row-layout-id758_0a65ba-f4 > .kt-row-column-wrap{grid-template-columns:minmax(0, 1fr);}}<\/style><div class=\"kb-row-layout-wrap kb-row-layout-id758_0a65ba-f4 alignfull kt-row-has-bg wp-block-kadence-rowlayout\"><div class=\"kt-row-layout-overlay kt-row-overlay-normal\"><\/div><div class=\"kt-row-column-wrap kt-has-1-columns kt-row-layout-equal kt-tab-layout-inherit kt-mobile-layout-row kt-row-valign-top kb-theme-content-width\">\n<style>.kadence-column758_2f7b7e-26 > .kt-inside-inner-col,.kadence-column758_2f7b7e-26 > .kt-inside-inner-col:before{border-top-left-radius:0px;border-top-right-radius:0px;border-bottom-right-radius:0px;border-bottom-left-radius:0px;}.kadence-column758_2f7b7e-26 > .kt-inside-inner-col{column-gap:var(--global-kb-gap-sm, 1rem);}.kadence-column758_2f7b7e-26 > .kt-inside-inner-col{flex-direction:column;}.kadence-column758_2f7b7e-26 > .kt-inside-inner-col > .aligncenter{width:100%;}.kadence-column758_2f7b7e-26 > .kt-inside-inner-col:before{opacity:0.3;}.kadence-column758_2f7b7e-26{position:relative;}@media all and (max-width: 1024px){.kadence-column758_2f7b7e-26 > .kt-inside-inner-col{flex-direction:column;justify-content:center;}}@media all and (max-width: 767px){.kadence-column758_2f7b7e-26 > .kt-inside-inner-col{flex-direction:column;justify-content:center;}}<\/style>\n<div class=\"wp-block-kadence-column kadence-column758_2f7b7e-26\"><div class=\"kt-inside-inner-col\">\n<h1 class=\"wp-block-heading has-text-align-center\">Pneuma Solutions Produits<\/h1>\n<\/div><\/div>\n\n<\/div><\/div>\n\n\n<h2 class=\"wp-block-heading\"><a href=\"https:\/\/pneumasolutions.com\/fr\/gestionnaire-dincidents-a-distance\/\">Remote Incident Manager (RIM) Cloud Edition<\/a><\/h2>\n\n\n\n<p>Le premier logiciel de bureau \u00e0 distance enti\u00e8rement accessible au monde. Intuitif, polyvalent et con\u00e7u dans un souci d'accessibilit\u00e9, le support technique \u00e0 distance n'a jamais \u00e9t\u00e9 aussi facile.<\/p>\n\n\n\n<h2 class=\"wp-block-heading\"><a href=\"https:\/\/pneumasolutions.com\/fr\/scribe\/\">Scribe<\/a><\/h2>\n\n\n\n<p>For as little as $0.05 per page with a yearly subscription, scanning inaccessible documents has never been this easy or affordable. Product manuals, conference flyers, handouts, and so much more can be read in seconds.<\/p>\n\n\n\n<h2 class=\"wp-block-heading\"><a href=\"https:\/\/pneumasolutions.com\/fr\/scribe-for-meetings\/\">Scribe Pour les r\u00e9unions<\/a><\/h2>\n\n\n\n<p>Donnez vie \u00e0 vos diapositives de conf\u00e9rence d'une mani\u00e8re in\u00e9dite ! Scribe for Meetings rend le mat\u00e9riel \u00e0 l'\u00e9cran de votre r\u00e9union virtuelle enti\u00e8rement accessible aux participants malvoyants. Pour la premi\u00e8re fois, les participants malvoyants peuvent recevoir les m\u00eames informations que les autres, en temps r\u00e9el ou \u00e0 leur propre rythme !<\/p>\n\n\n\n<h2 class=\"wp-block-heading\"><a href=\"https:\/\/pneumasolutions.com\/fr\/sero\/\">Sero<\/a><\/h2>\n\n\n\n<p>D\u00e9couvrez le mode de vie num\u00e9rique accessible gr\u00e2ce \u00e0 ce service d'information pas comme les autres. Journaux, m\u00e9t\u00e9o, radio, podcasts - Sero propose tout cela dans une application facile \u00e0 utiliser et disponible sur de nombreuses plateformes.<\/p>\n\n\n\n<h2 class=\"wp-block-heading\"><a href=\"https:\/\/pneumasolutions.com\/fr\/docuscan\/\">DocuScan Plus<\/a><\/h2>\n\n\n\n<p>Fini le temps o\u00f9 l'on passait au crible des courriers myst\u00e9rieux, sans obtenir de r\u00e9ponse \u00e0 ses questions. Cet utilitaire r\u00e9volutionnaire permet de num\u00e9riser sans effort pratiquement tous les types de documents imprim\u00e9s. Emportez vos documents num\u00e9ris\u00e9s avec vous en d\u00e9placement ou exportez-les dans de nombreux formats audio et braille.<\/p>\n\n\n\n<h2 class=\"wp-block-heading\"><a href=\"https:\/\/pneumasolutions.com\/fr\/self-advocacy-kit\/\">Self Advocacy Kits<\/a><\/h2>\n\n\n\n<p>Lorsqu'il s'agit d'accessibilit\u00e9, les personnes qui en ont besoin pour elles-m\u00eames ou pour le compte d'autrui ne sont pas \u00e9trang\u00e8res \u00e0 l'id\u00e9e de s'engager dans la d\u00e9fense de leurs int\u00e9r\u00eats pour y parvenir.<br>Nous comprenons et nous sommes l\u00e0 pour vous aider. Gr\u00e2ce \u00e0 nos kits d'autopromotion, vous pouvez facilement envoyer des lettres de justification concernant nos technologies accessibles \u00e0 votre entreprise, votre \u00e9cole ou votre organisation.<\/p>","protected":false},"excerpt":{"rendered":"<p>Pneuma Solutions Products Remote Incident Manager (RIM) Cloud Edition The world&#8217;s first fully accessible remote desktop package. Intuitive, versatile and designed with accessibility in mind, remote technical support has never been easier. Scribe For as little as $0.05 per page with a yearly subscription, scanning inaccessible documents has never been this easy or affordable. Product&#8230;<\/p>","protected":false},"author":1,"featured_media":0,"parent":0,"menu_order":0,"comment_status":"closed","ping_status":"closed","template":"","meta":{"_kad_blocks_custom_css":"","_kad_blocks_head_custom_js":"","_kad_blocks_body_custom_js":"","_kad_blocks_footer_custom_js":"","_kadence_starter_templates_imported_post":false,"_kad_post_transparent":"","_kad_post_title":"","_kad_post_layout":"","_kad_post_sidebar_id":"","_kad_post_content_style":"","_kad_post_vertical_padding":"","_kad_post_feature":"","_kad_post_feature_position":"","_kad_post_header":false,"_kad_post_footer":false,"footnotes":""},"class_list":["post-758","page","type-page","status-publish","hentry"],"taxonomy_info":[],"featured_image_src_large":false,"author_info":{"display_name":"Pneuma Solutions Team","author_link":"https:\/\/pneumasolutions.com\/fr\/author\/pneumafier\/"},"comment_info":0,"_links":{"self":[{"href":"https:\/\/pneumasolutions.com\/fr\/wp-json\/wp\/v2\/pages\/758","targetHints":{"allow":["GET"]}}],"collection":[{"href":"https:\/\/pneumasolutions.com\/fr\/wp-json\/wp\/v2\/pages"}],"about":[{"href":"https:\/\/pneumasolutions.com\/fr\/wp-json\/wp\/v2\/types\/page"}],"author":[{"embeddable":true,"href":"https:\/\/pneumasolutions.com\/fr\/wp-json\/wp\/v2\/users\/1"}],"replies":[{"embeddable":true,"href":"https:\/\/pneumasolutions.com\/fr\/wp-json\/wp\/v2\/comments?post=758"}],"version-history":[{"count":7,"href":"https:\/\/pneumasolutions.com\/fr\/wp-json\/wp\/v2\/pages\/758\/revisions"}],"predecessor-version":[{"id":1045,"href":"https:\/\/pneumasolutions.com\/fr\/wp-json\/wp\/v2\/pages\/758\/revisions\/1045"}],"wp:attachment":[{"href":"https:\/\/pneumasolutions.com\/fr\/wp-json\/wp\/v2\/media?parent=758"}],"curies":[{"name":"wp","href":"https:\/\/api.w.org\/{rel}","templated":true}]}}