{"id":423,"date":"2024-11-14T16:37:42","date_gmt":"2024-11-14T16:37:42","guid":{"rendered":"https:\/\/pneumasolutions.com\/?page_id=423"},"modified":"2024-11-25T23:35:58","modified_gmt":"2024-11-25T23:35:58","slug":"suscribase-a","status":"publish","type":"page","link":"https:\/\/pneumasolutions.com\/es\/suscribase-a\/","title":{"rendered":"Subscribe"},"content":{"rendered":"<h1 class=\"wp-block-heading\">Mant\u00e9ngase informado<\/h1>\n\n\n\n<p>Suscr\u00edbase a una o varias de nuestras listas de correo electr\u00f3nico para recibir informaci\u00f3n de su inter\u00e9s.&nbsp;<\/p>\n\n\n<div class=\"convertkit-form wp-block-convertkit-form\" style=\"\"><script async data-uid=\"f073c6bfa1\" src=\"https:\/\/pneuma-solutions.kit.com\/f073c6bfa1\/index.js\" data-jetpack-boost=\"ignore\" data-no-defer=\"1\" nowprocket><\/script><\/div>","protected":false},"excerpt":{"rendered":"<p>Stay in the Know! Subscribe to one or more of our e-mail lists to get information of particular interest to you.&nbsp;<\/p>","protected":false},"author":2,"featured_media":0,"parent":0,"menu_order":0,"comment_status":"closed","ping_status":"closed","template":"","meta":{"_kad_blocks_custom_css":"","_kad_blocks_head_custom_js":"","_kad_blocks_body_custom_js":"","_kad_blocks_footer_custom_js":"","_kadence_starter_templates_imported_post":true,"_kad_post_transparent":"","_kad_post_title":"hide","_kad_post_layout":"fullwidth","_kad_post_sidebar_id":"","_kad_post_content_style":"unboxed","_kad_post_vertical_padding":"hide","_kad_post_feature":"hide","_kad_post_feature_position":"","_kad_post_header":false,"_kad_post_footer":false,"footnotes":""},"class_list":["post-423","page","type-page","status-publish","hentry"],"taxonomy_info":[],"featured_image_src_large":false,"author_info":{"display_name":"Shawn Satterfield","author_link":"https:\/\/pneumasolutions.com\/es\/author\/shawns\/"},"comment_info":0,"_links":{"self":[{"href":"https:\/\/pneumasolutions.com\/es\/wp-json\/wp\/v2\/pages\/423","targetHints":{"allow":["GET"]}}],"collection":[{"href":"https:\/\/pneumasolutions.com\/es\/wp-json\/wp\/v2\/pages"}],"about":[{"href":"https:\/\/pneumasolutions.com\/es\/wp-json\/wp\/v2\/types\/page"}],"author":[{"embeddable":true,"href":"https:\/\/pneumasolutions.com\/es\/wp-json\/wp\/v2\/users\/2"}],"replies":[{"embeddable":true,"href":"https:\/\/pneumasolutions.com\/es\/wp-json\/wp\/v2\/comments?post=423"}],"version-history":[{"count":6,"href":"https:\/\/pneumasolutions.com\/es\/wp-json\/wp\/v2\/pages\/423\/revisions"}],"predecessor-version":[{"id":661,"href":"https:\/\/pneumasolutions.com\/es\/wp-json\/wp\/v2\/pages\/423\/revisions\/661"}],"wp:attachment":[{"href":"https:\/\/pneumasolutions.com\/es\/wp-json\/wp\/v2\/media?parent=423"}],"curies":[{"name":"wp","href":"https:\/\/api.w.org\/{rel}","templated":true}]}}